{"id":101,"date":"2014-06-20T12:31:11","date_gmt":"2014-06-20T12:31:11","guid":{"rendered":"http:\/\/www.victoriamedia.info\/?page_id=101"},"modified":"2015-01-31T14:20:51","modified_gmt":"2015-01-31T14:20:51","slug":"yhteydenotot","status":"publish","type":"page","link":"https:\/\/www.victoriamedia.info\/?page_id=101","title":{"rendered":"Yhteydenotot"},"content":{"rendered":"<p><strong>Yhteydenotot:<\/strong><\/p>\n<p>Voit ottaa yhteytt\u00e4 puhelimella numeroon: <strong>+358 40 5563129<\/strong> tai s\u00e4hk\u00f6postitse osoitteeseen: info@<\/p>\n<p><strong>Uutisvihjeet ja uutisvalokuvat:<\/strong><\/p>\n<p>Uutisvihjeet ja valokuvat voit l\u00e4hett\u00e4\u00e4 osoitteeseen: uutisvihjeet@<\/p>\n<p><strong>Lehdist\u00f6tiedotteet:<\/strong><\/p>\n<p>Mik\u00e4li tahollasi on tiedotettavaa, l\u00e4het\u00e4t uutiskirjeet, lehdist\u00f6tiedotteet, liitetiedostot sek\u00e4 muut julkaisukelpoiset aineistot osoitteeseen: aineistot@<\/p>\n<p><strong>Seuraa sosiaalisen median kautta:<\/strong><\/p>\n<p>Victoria Median uutisp\u00e4ivityksi\u00e4 voit seurata <a href=\"https:\/\/www.facebook.com\/victoriamedia\">Facebookin<\/a>, <a href=\"https:\/\/twitter.com\/uutisparkki\">Twitterin<\/a> ja <a href=\"https:\/\/plus.google.com\/110513305431970788976\/about\">Google Plussan <\/a>kautta.<\/p>\n<p><strong>Palaute:<\/strong><\/p>\n<p>Victoria Medialle voi l\u00e4hett\u00e4\u00e4 palautetta, kommentteja oikaisupyynt\u00f6j\u00e4 sek\u00e4 muuta osoitteeseen: lukijapalaute@<\/p>\n<p>Loppuosa kaikissa osoitteissa @-merkin j\u00e4lkeen: <strong>uutisparkki.com<\/strong><\/p>\n<p><strong>Painettu aineisto:<\/strong><\/p>\n<p>Victoria Media ottaa sitoumuksetta vastaan my\u00f6s erilaista painettua aineistoa. Painettu aineisto voi olla Vuosikertomuksia, esitteit\u00e4, mainoksia, asiakaslehti\u00e4, aikakauslehti\u00e4, sanomalehti\u00e4, kirjallisuutta, \u00e4\u00e4nitteit\u00e4, DVD aineistoa jne.. Victoria medialle vapaaehtoisesti tilaamattomaksi m\u00e4\u00e4ritelty painettu aineisto tulkitaan <strong>aina<\/strong> lahjoitukseksi olipa mukana lasku tai ei. Victoria Media <strong>ei maksa tilaamatonta<\/strong> siis lahjoitukseksi m\u00e4\u00e4ritelty\u00e4 aineistoa. <strong>Postiosoite<\/strong>: Kerttu Vali, Pajam\u00e4enkatu 14, 48600 Kotka<\/p>\n","protected":false},"excerpt":{"rendered":"<p>Yhteydenotot: Voit ottaa yhteytt\u00e4 puhelimella numeroon: +358 40 5563129 tai s\u00e4hk\u00f6postitse osoitteeseen: info@ Uutisvihjeet ja uutisvalokuvat: Uutisvihjeet ja valokuvat voit l\u00e4hett\u00e4\u00e4 osoitteeseen: uutisvihjeet@ Lehdist\u00f6tiedotteet: Mik\u00e4li tahollasi on tiedotettavaa, l\u00e4het\u00e4t uutiskirjeet, lehdist\u00f6tiedotteet, liitetiedostot sek\u00e4 muut julkaisukelpoiset aineistot osoitteeseen: aineistot@ Seuraa sosiaalisen median kautta: Victoria Median uutisp\u00e4ivityksi\u00e4 voit seurata Facebookin, Twitterin ja Google Plussan kautta. Palaute: Victoria [&hellip;]<\/p>\n","protected":false},"author":1,"featured_media":0,"parent":0,"menu_order":0,"comment_status":"closed","ping_status":"closed","template":"","meta":{"jetpack_post_was_ever_published":false,"footnotes":""},"class_list":["post-101","page","type-page","status-publish","hentry"],"jetpack_shortlink":"https:\/\/wp.me\/P1WfcP-1D","jetpack_sharing_enabled":true,"_links":{"self":[{"href":"https:\/\/www.victoriamedia.info\/index.php?rest_route=\/wp\/v2\/pages\/101","targetHints":{"allow":["GET"]}}],"collection":[{"href":"https:\/\/www.victoriamedia.info\/index.php?rest_route=\/wp\/v2\/pages"}],"about":[{"href":"https:\/\/www.victoriamedia.info\/index.php?rest_route=\/wp\/v2\/types\/page"}],"author":[{"embeddable":true,"href":"https:\/\/www.victoriamedia.info\/index.php?rest_route=\/wp\/v2\/users\/1"}],"replies":[{"embeddable":true,"href":"https:\/\/www.victoriamedia.info\/index.php?rest_route=%2Fwp%2Fv2%2Fcomments&post=101"}],"version-history":[{"count":4,"href":"https:\/\/www.victoriamedia.info\/index.php?rest_route=\/wp\/v2\/pages\/101\/revisions"}],"predecessor-version":[{"id":222,"href":"https:\/\/www.victoriamedia.info\/index.php?rest_route=\/wp\/v2\/pages\/101\/revisions\/222"}],"wp:attachment":[{"href":"https:\/\/www.victoriamedia.info\/index.php?rest_route=%2Fwp%2Fv2%2Fmedia&parent=101"}],"curies":[{"name":"wp","href":"https:\/\/api.w.org\/{rel}","templated":true}]}}