{"id":97,"date":"2014-06-20T11:38:53","date_gmt":"2014-06-20T11:38:53","guid":{"rendered":"http:\/\/www.victoriamedia.info\/?page_id=97"},"modified":"2014-07-12T11:55:51","modified_gmt":"2014-07-12T11:55:51","slug":"victoria-media","status":"publish","type":"page","link":"https:\/\/www.victoriamedia.info\/?page_id=97","title":{"rendered":"Victoria Media"},"content":{"rendered":"<p>Victoria Media on vuonna 2010 perustettu uutis- ja viestint\u00e4harrastaja<strong> <a href=\"http:\/\/kerttuvali.fi\/\">Kerttu Vali<\/a>:n<\/strong> alaisuudessa toimiva valtakunnallinen yleis- ja erikoisuutisiin keskittyv\u00e4 uutispalvelu. Victoria Median teht\u00e4v\u00e4n\u00e4 on tarjota ilmaiseksi, rajoituksetta ajankohtaisia uutisia, erikoisalojen tietoja, julkaisuja ja raportteja niin kotimaasta kuin ulkomailta.<\/p>\n<p>Victoria Media on aatteellisesti, poliittisesti, ideologisesti ja hengellisesti sitoutumaton. Victoria Media on sitoutunut pelk\u00e4st\u00e4\u00e4n virallisen, l\u00e4pin\u00e4kyv\u00e4n ja viestinn\u00e4llisesti kest\u00e4v\u00e4n uutistoiminnan edist\u00e4miseen johon ulkopuoliset eiv\u00e4t voi vaikuttaa.<\/p>\n<p>Victoria Media saa uutisensa 90%:sesti suoraan uutisen julkaisijalta lehdist\u00f6tiedotteena, uutiskirjeen\u00e4 jne&#8230; ja 5% virallisilta uutisl\u00e4hteist\u00e4 ( uutissivustot, lehdet, jne..) sek\u00e4 5% yleis\u00f6vihjein\u00e4<\/p>\n<p>Victoria Medialla on k\u00e4yt\u00f6ss\u00e4\u00e4n 12 omaa palvelinta, 40 omaa verkko-osoitetta, ja sek\u00e4 64 aihekohtaista l\u00e4hes p\u00e4ivitt\u00e4in p\u00e4ivitett\u00e4v\u00e4\u00e4 uutissivua. Victoria Medialla on oma s\u00e4\u00e4palvelu <a href=\"http:\/\/www.toutestbleu.info\/\"><strong>Suvi P\u00e4ivikki<\/strong><\/a> jonka kautta Victoria Media saa julkaisuk\u00e4ytt\u00f6\u00f6ns\u00e4 osan p\u00e4ivitt\u00e4isest\u00e4 s\u00e4\u00e4tiedoista.<\/p>\n<p>Victoria Media on lajissaan suomen suurin yhden ihmisen yll\u00e4pit\u00e4m\u00e4 uutispalvelu jonka uutistarjontaa arvostetaan ja pidet\u00e4\u00e4n luotettavana.<\/p>\n<p>Victoria Mediaa ei ole rekister\u00f6ity kaupparekisteriin eik\u00e4 my\u00f6sk\u00e4\u00e4n verohallinnon rekistereihin harrastuksenomaisuuden vuoksi.<\/p>\n","protected":false},"excerpt":{"rendered":"<p>Victoria Media on vuonna 2010 perustettu uutis- ja viestint\u00e4harrastaja Kerttu Vali:n alaisuudessa toimiva valtakunnallinen yleis- ja erikoisuutisiin keskittyv\u00e4 uutispalvelu. Victoria Median teht\u00e4v\u00e4n\u00e4 on tarjota ilmaiseksi, rajoituksetta ajankohtaisia uutisia, erikoisalojen tietoja, julkaisuja ja raportteja niin kotimaasta kuin ulkomailta. Victoria Media on aatteellisesti, poliittisesti, ideologisesti ja hengellisesti sitoutumaton. Victoria Media on sitoutunut pelk\u00e4st\u00e4\u00e4n virallisen, l\u00e4pin\u00e4kyv\u00e4n ja viestinn\u00e4llisesti [&hellip;]<\/p>\n","protected":false},"author":1,"featured_media":0,"parent":0,"menu_order":0,"comment_status":"open","ping_status":"open","template":"","meta":{"jetpack_post_was_ever_published":false,"footnotes":""},"class_list":["post-97","page","type-page","status-publish","hentry"],"jetpack_shortlink":"https:\/\/wp.me\/P1WfcP-1z","jetpack_sharing_enabled":true,"_links":{"self":[{"href":"https:\/\/www.victoriamedia.info\/index.php?rest_route=\/wp\/v2\/pages\/97","targetHints":{"allow":["GET"]}}],"collection":[{"href":"https:\/\/www.victoriamedia.info\/index.php?rest_route=\/wp\/v2\/pages"}],"about":[{"href":"https:\/\/www.victoriamedia.info\/index.php?rest_route=\/wp\/v2\/types\/page"}],"author":[{"embeddable":true,"href":"https:\/\/www.victoriamedia.info\/index.php?rest_route=\/wp\/v2\/users\/1"}],"replies":[{"embeddable":true,"href":"https:\/\/www.victoriamedia.info\/index.php?rest_route=%2Fwp%2Fv2%2Fcomments&post=97"}],"version-history":[{"count":3,"href":"https:\/\/www.victoriamedia.info\/index.php?rest_route=\/wp\/v2\/pages\/97\/revisions"}],"predecessor-version":[{"id":177,"href":"https:\/\/www.victoriamedia.info\/index.php?rest_route=\/wp\/v2\/pages\/97\/revisions\/177"}],"wp:attachment":[{"href":"https:\/\/www.victoriamedia.info\/index.php?rest_route=%2Fwp%2Fv2%2Fmedia&parent=97"}],"curies":[{"name":"wp","href":"https:\/\/api.w.org\/{rel}","templated":true}]}}